{"id":12855,"date":"2024-04-30T11:59:41","date_gmt":"2024-04-30T10:59:41","guid":{"rendered":"https:\/\/room1804.com\/jorge-merino-millan\/"},"modified":"2025-04-22T14:47:53","modified_gmt":"2025-04-22T13:47:53","slug":"jorge-merino-millan","status":"publish","type":"page","link":"https:\/\/room1804.com\/en\/jorge-merino-millan\/","title":{"rendered":"Jorge Merino Mill\u00e1n"},"content":{"rendered":"\t\t<div data-elementor-type=\"wp-page\" data-elementor-id=\"12855\" class=\"elementor elementor-12855 elementor-12804\" data-elementor-post-type=\"page\">\n\t\t\t\t\t\t<section class=\"elementor-section elementor-top-section elementor-element elementor-element-5b5d8c6 elementor-section-boxed elementor-section-height-default elementor-section-height-default\" data-id=\"5b5d8c6\" data-element_type=\"section\" data-e-type=\"section\" data-settings=\"{&quot;background_background&quot;:&quot;classic&quot;}\">\n\t\t\t\t\t\t<div class=\"elementor-container elementor-column-gap-default\">\n\t\t\t\t\t<div class=\"elementor-column elementor-col-100 elementor-top-column elementor-element elementor-element-c5e29dd\" data-id=\"c5e29dd\" data-element_type=\"column\" data-e-type=\"column\">\n\t\t\t<div class=\"elementor-widget-wrap elementor-element-populated\">\n\t\t\t\t\t\t<div class=\"elementor-element elementor-element-7c6629c elementor-invisible elementor-widget elementor-widget-heading\" data-id=\"7c6629c\" data-element_type=\"widget\" data-e-type=\"widget\" data-settings=\"{&quot;_animation&quot;:&quot;fadeInLeft&quot;,&quot;_animation_mobile&quot;:&quot;none&quot;}\" data-widget_type=\"heading.default\">\n\t\t\t\t<div class=\"elementor-widget-container\">\n\t\t\t\t\t<h3 class=\"elementor-heading-title elementor-size-default\">MANAGEMENT TEAM<\/h3>\t\t\t\t<\/div>\n\t\t\t\t<\/div>\n\t\t\t\t\t<\/div>\n\t\t<\/div>\n\t\t\t\t\t<\/div>\n\t\t<\/section>\n\t\t\t\t<section class=\"elementor-section elementor-top-section elementor-element elementor-element-be8fd49 elementor-section-boxed elementor-section-height-default elementor-section-height-default\" data-id=\"be8fd49\" data-element_type=\"section\" data-e-type=\"section\">\n\t\t\t\t\t\t<div class=\"elementor-container elementor-column-gap-default\">\n\t\t\t\t\t<div class=\"elementor-column elementor-col-50 elementor-top-column elementor-element elementor-element-61d162a\" data-id=\"61d162a\" data-element_type=\"column\" data-e-type=\"column\">\n\t\t\t<div class=\"elementor-widget-wrap elementor-element-populated\">\n\t\t\t\t\t\t<div class=\"elementor-element elementor-element-b7aa7cd elementor-widget elementor-widget-image\" data-id=\"b7aa7cd\" data-element_type=\"widget\" data-e-type=\"widget\" data-widget_type=\"image.default\">\n\t\t\t\t<div class=\"elementor-widget-container\">\n\t\t\t\t\t\t\t\t\t\t\t\t\t\t\t<img fetchpriority=\"high\" decoding=\"async\" width=\"768\" height=\"1024\" src=\"https:\/\/room1804.com\/wp-content\/uploads\/5673-101azul-768x1024.jpeg\" class=\"attachment-large size-large wp-image-13516\" alt=\"\" srcset=\"https:\/\/room1804.com\/wp-content\/uploads\/5673-101azul-768x1024.jpeg 768w, https:\/\/room1804.com\/wp-content\/uploads\/5673-101azul.jpeg 790w\" sizes=\"(max-width: 768px) 100vw, 768px\" \/>\t\t\t\t\t\t\t\t\t\t\t\t\t\t\t<\/div>\n\t\t\t\t<\/div>\n\t\t\t\t\t<\/div>\n\t\t<\/div>\n\t\t\t\t<div class=\"elementor-column elementor-col-50 elementor-top-column elementor-element elementor-element-2329c79\" data-id=\"2329c79\" data-element_type=\"column\" data-e-type=\"column\">\n\t\t\t<div class=\"elementor-widget-wrap elementor-element-populated\">\n\t\t\t\t\t\t<section class=\"elementor-section elementor-inner-section elementor-element elementor-element-e603c32 elementor-section-boxed elementor-section-height-default elementor-section-height-default\" data-id=\"e603c32\" data-element_type=\"section\" data-e-type=\"section\">\n\t\t\t\t\t\t<div class=\"elementor-container elementor-column-gap-default\">\n\t\t\t\t\t<div class=\"elementor-column elementor-col-100 elementor-inner-column elementor-element elementor-element-d0fbf50\" data-id=\"d0fbf50\" data-element_type=\"column\" data-e-type=\"column\">\n\t\t\t<div class=\"elementor-widget-wrap elementor-element-populated\">\n\t\t\t\t\t\t<div class=\"elementor-element elementor-element-c73ff9e elementor-widget elementor-widget-heading\" data-id=\"c73ff9e\" data-element_type=\"widget\" data-e-type=\"widget\" data-settings=\"{&quot;_animation_mobile&quot;:&quot;none&quot;}\" data-widget_type=\"heading.default\">\n\t\t\t\t<div class=\"elementor-widget-container\">\n\t\t\t\t\t<h3 class=\"elementor-heading-title elementor-size-default\">Jorge Merino Mill\u00e1n<\/h3>\t\t\t\t<\/div>\n\t\t\t\t<\/div>\n\t\t\t\t<div class=\"elementor-element elementor-element-ae11c17 elementor-widget elementor-widget-heading\" data-id=\"ae11c17\" data-element_type=\"widget\" data-e-type=\"widget\" data-settings=\"{&quot;_animation_mobile&quot;:&quot;none&quot;}\" data-widget_type=\"heading.default\">\n\t\t\t\t<div class=\"elementor-widget-container\">\n\t\t\t\t\t<h5 class=\"elementor-heading-title elementor-size-default\">CEO<\/h5>\t\t\t\t<\/div>\n\t\t\t\t<\/div>\n\t\t\t\t<div class=\"elementor-element elementor-element-9bbeade elementor-widget elementor-widget-text-editor\" data-id=\"9bbeade\" data-element_type=\"widget\" data-e-type=\"widget\" data-widget_type=\"text-editor.default\">\n\t\t\t\t<div class=\"elementor-widget-container\">\n\t\t\t\t\t\t\t\t\t<p>Jorge Merino Mill\u00e1n is founder and owner of Proffetional Finishing Design and Proffetional Group Ltd. based in Madrid (Spain), Warsaw (Poland), Casablanca (Morocco), Medell\u00edn (Colombia) and Miami (United States).<\/p>\n<p>The company is recognized for its excellence in architecture, project management, FF&amp;E design, interior design and development of hotels, residential and commercial buildings where creative design is a goal.<\/p>\n<p>Jorge Merino Mill\u00e1n is not only the CEO and partner of the company, but also responsible for its commercial exhibition. He is also responsible for creating the concept, developing the project and coordinating the entire process globally, using both internal and consulting resources, with an emphasis on total quality services.<\/p>\n\t\t\t\t\t\t\t\t<\/div>\n\t\t\t\t<\/div>\n\t\t\t\t\t<\/div>\n\t\t<\/div>\n\t\t\t\t\t<\/div>\n\t\t<\/section>\n\t\t\t\t\t<\/div>\n\t\t<\/div>\n\t\t\t\t\t<\/div>\n\t\t<\/section>\n\t\t\t\t<\/div>\n\t\t","protected":false},"excerpt":{"rendered":"<p>MANAGEMENT TEAM Jorge Merino Mill\u00e1n CEO Jorge Merino Mill\u00e1n is founder and owner of Proffetional Finishing Design and Proffetional Group Ltd. based in Madrid (Spain), Warsaw (Poland), Casablanca (Morocco), Medell\u00edn (Colombia) and Miami (United States). The company is recognized for its excellence in architecture, project management, FF&amp;E design, interior design and development of hotels, residential &#8230; <a title=\"Jorge Merino Mill\u00e1n\" class=\"read-more\" href=\"https:\/\/room1804.com\/en\/jorge-merino-millan\/\" aria-label=\"Read more about Jorge Merino Mill\u00e1n\">Read more<\/a><\/p>\n","protected":false},"author":1,"featured_media":0,"parent":0,"menu_order":0,"comment_status":"closed","ping_status":"closed","template":"elementor_header_footer","meta":{"_acf_changed":false,"footnotes":""},"class_list":["post-12855","page","type-page","status-publish"],"acf":[],"yoast_head":"<!-- This site is optimized with the Yoast SEO plugin v27.4 - https:\/\/yoast.com\/product\/yoast-seo-wordpress\/ -->\n<title>Jorge Merino Mill\u00e1n - Room 1804<\/title>\n<meta name=\"robots\" content=\"index, follow, max-snippet:-1, max-image-preview:large, max-video-preview:-1\" \/>\n<link rel=\"canonical\" href=\"https:\/\/room1804.com\/en\/jorge-merino-millan\/\" \/>\n<meta property=\"og:locale\" content=\"en_US\" \/>\n<meta property=\"og:type\" content=\"article\" \/>\n<meta property=\"og:title\" content=\"Jorge Merino Mill\u00e1n - Room 1804\" \/>\n<meta property=\"og:description\" content=\"MANAGEMENT TEAM Jorge Merino Mill\u00e1n CEO Jorge Merino Mill\u00e1n is founder and owner of Proffetional Finishing Design and Proffetional Group Ltd. based in Madrid (Spain), Warsaw (Poland), Casablanca (Morocco), Medell\u00edn (Colombia) and Miami (United States). The company is recognized for its excellence in architecture, project management, FF&amp;E design, interior design and development of hotels, residential ... Read more\" \/>\n<meta property=\"og:url\" content=\"https:\/\/room1804.com\/en\/jorge-merino-millan\/\" \/>\n<meta property=\"og:site_name\" content=\"Room 1804\" \/>\n<meta property=\"article:publisher\" content=\"https:\/\/www.facebook.com\/ProffetionalGroup\/\" \/>\n<meta property=\"article:modified_time\" content=\"2025-04-22T13:47:53+00:00\" \/>\n<meta property=\"og:image\" content=\"https:\/\/room1804.com\/wp-content\/uploads\/5673-101azul.jpeg\" \/>\n\t<meta property=\"og:image:width\" content=\"790\" \/>\n\t<meta property=\"og:image:height\" content=\"1053\" \/>\n\t<meta property=\"og:image:type\" content=\"image\/jpeg\" \/>\n<meta name=\"twitter:card\" content=\"summary_large_image\" \/>\n<meta name=\"twitter:label1\" content=\"Est. reading time\" \/>\n\t<meta name=\"twitter:data1\" content=\"1 minute\" \/>\n<script type=\"application\/ld+json\" class=\"yoast-schema-graph\">{\"@context\":\"https:\\\/\\\/schema.org\",\"@graph\":[{\"@type\":\"WebPage\",\"@id\":\"https:\\\/\\\/room1804.com\\\/en\\\/jorge-merino-millan\\\/\",\"url\":\"https:\\\/\\\/room1804.com\\\/en\\\/jorge-merino-millan\\\/\",\"name\":\"Jorge Merino Mill\u00e1n - Room 1804\",\"isPartOf\":{\"@id\":\"https:\\\/\\\/room1804.com\\\/en\\\/#website\"},\"primaryImageOfPage\":{\"@id\":\"https:\\\/\\\/room1804.com\\\/en\\\/jorge-merino-millan\\\/#primaryimage\"},\"image\":{\"@id\":\"https:\\\/\\\/room1804.com\\\/en\\\/jorge-merino-millan\\\/#primaryimage\"},\"thumbnailUrl\":\"https:\\\/\\\/room1804.com\\\/wp-content\\\/uploads\\\/5673-101azul-768x1024.jpeg\",\"datePublished\":\"2024-04-30T10:59:41+00:00\",\"dateModified\":\"2025-04-22T13:47:53+00:00\",\"breadcrumb\":{\"@id\":\"https:\\\/\\\/room1804.com\\\/en\\\/jorge-merino-millan\\\/#breadcrumb\"},\"inLanguage\":\"en-US\",\"potentialAction\":[{\"@type\":\"ReadAction\",\"target\":[\"https:\\\/\\\/room1804.com\\\/en\\\/jorge-merino-millan\\\/\"]}]},{\"@type\":\"ImageObject\",\"inLanguage\":\"en-US\",\"@id\":\"https:\\\/\\\/room1804.com\\\/en\\\/jorge-merino-millan\\\/#primaryimage\",\"url\":\"https:\\\/\\\/room1804.com\\\/wp-content\\\/uploads\\\/5673-101azul-768x1024.jpeg\",\"contentUrl\":\"https:\\\/\\\/room1804.com\\\/wp-content\\\/uploads\\\/5673-101azul-768x1024.jpeg\"},{\"@type\":\"BreadcrumbList\",\"@id\":\"https:\\\/\\\/room1804.com\\\/en\\\/jorge-merino-millan\\\/#breadcrumb\",\"itemListElement\":[{\"@type\":\"ListItem\",\"position\":1,\"name\":\"Portada\",\"item\":\"https:\\\/\\\/room1804.com\\\/en\\\/\"},{\"@type\":\"ListItem\",\"position\":2,\"name\":\"Jorge Merino Mill\u00e1n\"}]},{\"@type\":\"WebSite\",\"@id\":\"https:\\\/\\\/room1804.com\\\/en\\\/#website\",\"url\":\"https:\\\/\\\/room1804.com\\\/en\\\/\",\"name\":\"Room 1804\",\"description\":\"Dise\u00f1o de interiores para hoteles\",\"publisher\":{\"@id\":\"https:\\\/\\\/room1804.com\\\/en\\\/#organization\"},\"alternateName\":\"Room 1804 Design by Proffetional Group\",\"potentialAction\":[{\"@type\":\"SearchAction\",\"target\":{\"@type\":\"EntryPoint\",\"urlTemplate\":\"https:\\\/\\\/room1804.com\\\/en\\\/?s={search_term_string}\"},\"query-input\":{\"@type\":\"PropertyValueSpecification\",\"valueRequired\":true,\"valueName\":\"search_term_string\"}}],\"inLanguage\":\"en-US\"},{\"@type\":\"Organization\",\"@id\":\"https:\\\/\\\/room1804.com\\\/en\\\/#organization\",\"name\":\"Room 1804 - Proyectos Hoteleros\",\"alternateName\":\"Room 1804 Design by Proffetional Group\",\"url\":\"https:\\\/\\\/room1804.com\\\/en\\\/\",\"logo\":{\"@type\":\"ImageObject\",\"inLanguage\":\"en-US\",\"@id\":\"https:\\\/\\\/room1804.com\\\/en\\\/#\\\/schema\\\/logo\\\/image\\\/\",\"url\":\"https:\\\/\\\/room1804.com\\\/wp-content\\\/uploads\\\/roomo-grey.png\",\"contentUrl\":\"https:\\\/\\\/room1804.com\\\/wp-content\\\/uploads\\\/roomo-grey.png\",\"width\":616,\"height\":192,\"caption\":\"Room 1804 - Proyectos Hoteleros\"},\"image\":{\"@id\":\"https:\\\/\\\/room1804.com\\\/en\\\/#\\\/schema\\\/logo\\\/image\\\/\"},\"sameAs\":[\"https:\\\/\\\/www.facebook.com\\\/ProffetionalGroup\\\/\",\"https:\\\/\\\/www.instagram.com\\\/proffetional_group\\\/\",\"https:\\\/\\\/www.linkedin.com\\\/company\\\/proffetional-group\\\/\"]}]}<\/script>\n<!-- \/ Yoast SEO plugin. -->","yoast_head_json":{"title":"Jorge Merino Mill\u00e1n - Room 1804","robots":{"index":"index","follow":"follow","max-snippet":"max-snippet:-1","max-image-preview":"max-image-preview:large","max-video-preview":"max-video-preview:-1"},"canonical":"https:\/\/room1804.com\/en\/jorge-merino-millan\/","og_locale":"en_US","og_type":"article","og_title":"Jorge Merino Mill\u00e1n - Room 1804","og_description":"MANAGEMENT TEAM Jorge Merino Mill\u00e1n CEO Jorge Merino Mill\u00e1n is founder and owner of Proffetional Finishing Design and Proffetional Group Ltd. based in Madrid (Spain), Warsaw (Poland), Casablanca (Morocco), Medell\u00edn (Colombia) and Miami (United States). The company is recognized for its excellence in architecture, project management, FF&amp;E design, interior design and development of hotels, residential ... Read more","og_url":"https:\/\/room1804.com\/en\/jorge-merino-millan\/","og_site_name":"Room 1804","article_publisher":"https:\/\/www.facebook.com\/ProffetionalGroup\/","article_modified_time":"2025-04-22T13:47:53+00:00","og_image":[{"width":790,"height":1053,"url":"https:\/\/room1804.com\/wp-content\/uploads\/5673-101azul.jpeg","type":"image\/jpeg"}],"twitter_card":"summary_large_image","twitter_misc":{"Est. reading time":"1 minute"},"schema":{"@context":"https:\/\/schema.org","@graph":[{"@type":"WebPage","@id":"https:\/\/room1804.com\/en\/jorge-merino-millan\/","url":"https:\/\/room1804.com\/en\/jorge-merino-millan\/","name":"Jorge Merino Mill\u00e1n - Room 1804","isPartOf":{"@id":"https:\/\/room1804.com\/en\/#website"},"primaryImageOfPage":{"@id":"https:\/\/room1804.com\/en\/jorge-merino-millan\/#primaryimage"},"image":{"@id":"https:\/\/room1804.com\/en\/jorge-merino-millan\/#primaryimage"},"thumbnailUrl":"https:\/\/room1804.com\/wp-content\/uploads\/5673-101azul-768x1024.jpeg","datePublished":"2024-04-30T10:59:41+00:00","dateModified":"2025-04-22T13:47:53+00:00","breadcrumb":{"@id":"https:\/\/room1804.com\/en\/jorge-merino-millan\/#breadcrumb"},"inLanguage":"en-US","potentialAction":[{"@type":"ReadAction","target":["https:\/\/room1804.com\/en\/jorge-merino-millan\/"]}]},{"@type":"ImageObject","inLanguage":"en-US","@id":"https:\/\/room1804.com\/en\/jorge-merino-millan\/#primaryimage","url":"https:\/\/room1804.com\/wp-content\/uploads\/5673-101azul-768x1024.jpeg","contentUrl":"https:\/\/room1804.com\/wp-content\/uploads\/5673-101azul-768x1024.jpeg"},{"@type":"BreadcrumbList","@id":"https:\/\/room1804.com\/en\/jorge-merino-millan\/#breadcrumb","itemListElement":[{"@type":"ListItem","position":1,"name":"Portada","item":"https:\/\/room1804.com\/en\/"},{"@type":"ListItem","position":2,"name":"Jorge Merino Mill\u00e1n"}]},{"@type":"WebSite","@id":"https:\/\/room1804.com\/en\/#website","url":"https:\/\/room1804.com\/en\/","name":"Room 1804","description":"Dise\u00f1o de interiores para hoteles","publisher":{"@id":"https:\/\/room1804.com\/en\/#organization"},"alternateName":"Room 1804 Design by Proffetional Group","potentialAction":[{"@type":"SearchAction","target":{"@type":"EntryPoint","urlTemplate":"https:\/\/room1804.com\/en\/?s={search_term_string}"},"query-input":{"@type":"PropertyValueSpecification","valueRequired":true,"valueName":"search_term_string"}}],"inLanguage":"en-US"},{"@type":"Organization","@id":"https:\/\/room1804.com\/en\/#organization","name":"Room 1804 - Proyectos Hoteleros","alternateName":"Room 1804 Design by Proffetional Group","url":"https:\/\/room1804.com\/en\/","logo":{"@type":"ImageObject","inLanguage":"en-US","@id":"https:\/\/room1804.com\/en\/#\/schema\/logo\/image\/","url":"https:\/\/room1804.com\/wp-content\/uploads\/roomo-grey.png","contentUrl":"https:\/\/room1804.com\/wp-content\/uploads\/roomo-grey.png","width":616,"height":192,"caption":"Room 1804 - Proyectos Hoteleros"},"image":{"@id":"https:\/\/room1804.com\/en\/#\/schema\/logo\/image\/"},"sameAs":["https:\/\/www.facebook.com\/ProffetionalGroup\/","https:\/\/www.instagram.com\/proffetional_group\/","https:\/\/www.linkedin.com\/company\/proffetional-group\/"]}]}},"_links":{"self":[{"href":"https:\/\/room1804.com\/en\/wp-json\/wp\/v2\/pages\/12855","targetHints":{"allow":["GET"]}}],"collection":[{"href":"https:\/\/room1804.com\/en\/wp-json\/wp\/v2\/pages"}],"about":[{"href":"https:\/\/room1804.com\/en\/wp-json\/wp\/v2\/types\/page"}],"author":[{"embeddable":true,"href":"https:\/\/room1804.com\/en\/wp-json\/wp\/v2\/users\/1"}],"replies":[{"embeddable":true,"href":"https:\/\/room1804.com\/en\/wp-json\/wp\/v2\/comments?post=12855"}],"version-history":[{"count":5,"href":"https:\/\/room1804.com\/en\/wp-json\/wp\/v2\/pages\/12855\/revisions"}],"predecessor-version":[{"id":13522,"href":"https:\/\/room1804.com\/en\/wp-json\/wp\/v2\/pages\/12855\/revisions\/13522"}],"wp:attachment":[{"href":"https:\/\/room1804.com\/en\/wp-json\/wp\/v2\/media?parent=12855"}],"curies":[{"name":"wp","href":"https:\/\/api.w.org\/{rel}","templated":true}]}}